{"id":863,"date":"2024-06-27T18:38:39","date_gmt":"2024-06-27T18:38:39","guid":{"rendered":"https:\/\/red-turtle-903830.hostingersite.com\/producto\/ab-102\/"},"modified":"2025-01-27T07:15:41","modified_gmt":"2025-01-27T07:15:41","slug":"ab-102","status":"publish","type":"product","link":"https:\/\/absunglasses.com\/ca\/producto\/ab-102\/","title":{"rendered":"AB.102"},"content":{"rendered":"","protected":false},"excerpt":{"rendered":"<p>Model d&#8217;ulleres de sol rectangular, retro, amb muntura per a looks m\u00e9s innovadors i elegants. Imprescindibles per a un pla exclusiu amb amics. Destacar\u00e0s en qualsevol ocasi\u00f3.<\/p>\n<p><span style=\"font-family: Montserrat, serif;\">Muntura i varetes d&#8217;acetat.<\/span><\/p>\n<p><span style=\"font-family: Montserrat, serif;\">Lent CR39 amb tractament antireflexant a la cara interna.<\/span><\/p>\n","protected":false},"featured_media":610,"comment_status":"open","ping_status":"closed","template":"","meta":{"_uag_custom_page_level_css":"","site-sidebar-layout":"default","site-content-layout":"","ast-site-content-layout":"default","site-content-style":"default","site-sidebar-style":"default","ast-global-header-display":"","ast-banner-title-visibility":"","ast-main-header-display":"","ast-hfb-above-header-display":"","ast-hfb-below-header-display":"","ast-hfb-mobile-header-display":"","site-post-title":"","ast-breadcrumbs-content":"","ast-featured-img":"","footer-sml-layout":"","ast-disable-related-posts":"","theme-transparent-header-meta":"default","adv-header-id-meta":"","stick-header-meta":"default","header-above-stick-meta":"","header-main-stick-meta":"","header-below-stick-meta":"","astra-migrate-meta-layouts":"default","ast-page-background-enabled":"default","ast-page-background-meta":{"desktop":{"background-color":"var(--ast-global-color-4)","background-image":"","background-repeat":"repeat","background-position":"center center","background-size":"auto","background-attachment":"scroll","background-type":"","background-media":"","overlay-type":"","overlay-color":"","overlay-opacity":"","overlay-gradient":""},"tablet":{"background-color":"","background-image":"","background-repeat":"repeat","background-position":"center center","background-size":"auto","background-attachment":"scroll","background-type":"","background-media":"","overlay-type":"","overlay-color":"","overlay-opacity":"","overlay-gradient":""},"mobile":{"background-color":"","background-image":"","background-repeat":"repeat","background-position":"center center","background-size":"auto","background-attachment":"scroll","background-type":"","background-media":"","overlay-type":"","overlay-color":"","overlay-opacity":"","overlay-gradient":""}},"ast-content-background-meta":{"desktop":{"background-color":"var(--ast-global-color-5)","background-image":"","background-repeat":"repeat","background-position":"center center","background-size":"auto","background-attachment":"scroll","background-type":"","background-media":"","overlay-type":"","overlay-color":"","overlay-opacity":"","overlay-gradient":""},"tablet":{"background-color":"var(--ast-global-color-5)","background-image":"","background-repeat":"repeat","background-position":"center center","background-size":"auto","background-attachment":"scroll","background-type":"","background-media":"","overlay-type":"","overlay-color":"","overlay-opacity":"","overlay-gradient":""},"mobile":{"background-color":"var(--ast-global-color-5)","background-image":"","background-repeat":"repeat","background-position":"center center","background-size":"auto","background-attachment":"scroll","background-type":"","background-media":"","overlay-type":"","overlay-color":"","overlay-opacity":"","overlay-gradient":""}}},"product_brand":[],"product_cat":[27],"product_tag":[],"class_list":{"0":"post-863","1":"product","2":"type-product","3":"status-publish","4":"has-post-thumbnail","6":"product_cat-ulleres","7":"desktop-align-left","8":"tablet-align-left","9":"mobile-align-left","10":"ast-product-gallery-layout-first-image-large","11":"ast-product-single-variable","13":"first","14":"instock","15":"sale","16":"taxable","17":"shipping-taxable","18":"purchasable","19":"product-type-variable"},"yoast_head":"<!-- This site is optimized with the Yoast SEO plugin v27.1.1 - https:\/\/yoast.com\/product\/yoast-seo-wordpress\/ -->\n<title>AB.102 - AB Sunglasses - Aitana Bonmati<\/title>\n<meta name=\"robots\" content=\"index, follow, max-snippet:-1, max-image-preview:large, max-video-preview:-1\" \/>\n<link rel=\"canonical\" href=\"https:\/\/absunglasses.com\/ca\/producto\/ab-102\/\" \/>\n<meta property=\"og:locale\" content=\"ca_ES\" \/>\n<meta property=\"og:type\" content=\"article\" \/>\n<meta property=\"og:title\" content=\"AB.102 - AB Sunglasses - Aitana Bonmati\" \/>\n<meta property=\"og:description\" content=\"Model d&#039;ulleres de sol rectangular, retro, amb muntura per a looks m\u00e9s innovadors i elegants. Imprescindibles per a un pla exclusiu amb amics. Destacar\u00e0s en qualsevol ocasi\u00f3. Muntura i varetes d&#039;acetat. Lent CR39 amb tractament antireflexant a la cara interna.\" \/>\n<meta property=\"og:url\" content=\"https:\/\/absunglasses.com\/ca\/producto\/ab-102\/\" \/>\n<meta property=\"og:site_name\" content=\"AB Sunglasses - Aitana Bonmati\" \/>\n<meta property=\"article:modified_time\" content=\"2025-01-27T07:15:41+00:00\" \/>\n<meta property=\"og:image\" content=\"https:\/\/red-turtle-903830.hostingersite.com\/wp-content\/uploads\/AIT02-Pink-Lateral_7685.webp\" \/>\n\t<meta property=\"og:image:width\" content=\"1024\" \/>\n\t<meta property=\"og:image:height\" content=\"444\" \/>\n\t<meta property=\"og:image:type\" content=\"image\/webp\" \/>\n<meta name=\"twitter:card\" content=\"summary_large_image\" \/>\n<script type=\"application\/ld+json\" class=\"yoast-schema-graph\">{\"@context\":\"https:\/\/schema.org\",\"@graph\":[{\"@type\":\"WebPage\",\"@id\":\"https:\/\/absunglasses.com\/ca\/producto\/ab-102\/\",\"url\":\"https:\/\/absunglasses.com\/ca\/producto\/ab-102\/\",\"name\":\"AB.102 - AB Sunglasses - Aitana Bonmati\",\"isPartOf\":{\"@id\":\"http:\/\/absunglasses.com\/ca\/#website\"},\"primaryImageOfPage\":{\"@id\":\"https:\/\/absunglasses.com\/ca\/producto\/ab-102\/#primaryimage\"},\"image\":{\"@id\":\"https:\/\/absunglasses.com\/ca\/producto\/ab-102\/#primaryimage\"},\"thumbnailUrl\":\"https:\/\/absunglasses.com\/wp-content\/uploads\/AIT02-Pink-Lateral_7685.webp\",\"datePublished\":\"2024-06-27T18:38:39+00:00\",\"dateModified\":\"2025-01-27T07:15:41+00:00\",\"breadcrumb\":{\"@id\":\"https:\/\/absunglasses.com\/ca\/producto\/ab-102\/#breadcrumb\"},\"inLanguage\":\"ca\",\"potentialAction\":[{\"@type\":\"ReadAction\",\"target\":[\"https:\/\/absunglasses.com\/ca\/producto\/ab-102\/\"]}]},{\"@type\":\"ImageObject\",\"inLanguage\":\"ca\",\"@id\":\"https:\/\/absunglasses.com\/ca\/producto\/ab-102\/#primaryimage\",\"url\":\"https:\/\/absunglasses.com\/wp-content\/uploads\/AIT02-Pink-Lateral_7685.webp\",\"contentUrl\":\"https:\/\/absunglasses.com\/wp-content\/uploads\/AIT02-Pink-Lateral_7685.webp\",\"width\":1024,\"height\":444},{\"@type\":\"BreadcrumbList\",\"@id\":\"https:\/\/absunglasses.com\/ca\/producto\/ab-102\/#breadcrumb\",\"itemListElement\":[{\"@type\":\"ListItem\",\"position\":1,\"name\":\"Portada\",\"item\":\"https:\/\/absunglasses.com\/ca\/\"},{\"@type\":\"ListItem\",\"position\":2,\"name\":\"Shop\",\"item\":\"https:\/\/absunglasses.com\/ca\/shop\/\"},{\"@type\":\"ListItem\",\"position\":3,\"name\":\"AB.102\"}]},{\"@type\":\"WebSite\",\"@id\":\"http:\/\/absunglasses.com\/ca\/#website\",\"url\":\"http:\/\/absunglasses.com\/ca\/\",\"name\":\"AB Sunglasses - Aitana Bonmati\",\"description\":\"Gafas de sol Aitana Bonmat\u00ed\",\"publisher\":{\"@id\":\"http:\/\/absunglasses.com\/ca\/#organization\"},\"potentialAction\":[{\"@type\":\"SearchAction\",\"target\":{\"@type\":\"EntryPoint\",\"urlTemplate\":\"http:\/\/absunglasses.com\/ca\/?s={search_term_string}\"},\"query-input\":{\"@type\":\"PropertyValueSpecification\",\"valueRequired\":true,\"valueName\":\"search_term_string\"}}],\"inLanguage\":\"ca\"},{\"@type\":\"Organization\",\"@id\":\"http:\/\/absunglasses.com\/ca\/#organization\",\"name\":\"AB Sunglasses - Aitana Bonmati\",\"url\":\"http:\/\/absunglasses.com\/ca\/\",\"logo\":{\"@type\":\"ImageObject\",\"inLanguage\":\"ca\",\"@id\":\"http:\/\/absunglasses.com\/ca\/#\/schema\/logo\/image\/\",\"url\":\"https:\/\/absunglasses.com\/wp-content\/uploads\/cropped-AbsunglassesLogo.png\",\"contentUrl\":\"https:\/\/absunglasses.com\/wp-content\/uploads\/cropped-AbsunglassesLogo.png\",\"width\":614,\"height\":244,\"caption\":\"AB Sunglasses - Aitana Bonmati\"},\"image\":{\"@id\":\"http:\/\/absunglasses.com\/ca\/#\/schema\/logo\/image\/\"}}]}<\/script>\n<!-- \/ Yoast SEO plugin. -->","yoast_head_json":{"title":"AB.102 - AB Sunglasses - Aitana Bonmati","robots":{"index":"index","follow":"follow","max-snippet":"max-snippet:-1","max-image-preview":"max-image-preview:large","max-video-preview":"max-video-preview:-1"},"canonical":"https:\/\/absunglasses.com\/ca\/producto\/ab-102\/","og_locale":"ca_ES","og_type":"article","og_title":"AB.102 - AB Sunglasses - Aitana Bonmati","og_description":"Model d'ulleres de sol rectangular, retro, amb muntura per a looks m\u00e9s innovadors i elegants. Imprescindibles per a un pla exclusiu amb amics. Destacar\u00e0s en qualsevol ocasi\u00f3. Muntura i varetes d'acetat. Lent CR39 amb tractament antireflexant a la cara interna.","og_url":"https:\/\/absunglasses.com\/ca\/producto\/ab-102\/","og_site_name":"AB Sunglasses - Aitana Bonmati","article_modified_time":"2025-01-27T07:15:41+00:00","og_image":[{"width":1024,"height":444,"url":"https:\/\/red-turtle-903830.hostingersite.com\/wp-content\/uploads\/AIT02-Pink-Lateral_7685.webp","type":"image\/webp"}],"twitter_card":"summary_large_image","schema":{"@context":"https:\/\/schema.org","@graph":[{"@type":"WebPage","@id":"https:\/\/absunglasses.com\/ca\/producto\/ab-102\/","url":"https:\/\/absunglasses.com\/ca\/producto\/ab-102\/","name":"AB.102 - AB Sunglasses - Aitana Bonmati","isPartOf":{"@id":"http:\/\/absunglasses.com\/ca\/#website"},"primaryImageOfPage":{"@id":"https:\/\/absunglasses.com\/ca\/producto\/ab-102\/#primaryimage"},"image":{"@id":"https:\/\/absunglasses.com\/ca\/producto\/ab-102\/#primaryimage"},"thumbnailUrl":"https:\/\/absunglasses.com\/wp-content\/uploads\/AIT02-Pink-Lateral_7685.webp","datePublished":"2024-06-27T18:38:39+00:00","dateModified":"2025-01-27T07:15:41+00:00","breadcrumb":{"@id":"https:\/\/absunglasses.com\/ca\/producto\/ab-102\/#breadcrumb"},"inLanguage":"ca","potentialAction":[{"@type":"ReadAction","target":["https:\/\/absunglasses.com\/ca\/producto\/ab-102\/"]}]},{"@type":"ImageObject","inLanguage":"ca","@id":"https:\/\/absunglasses.com\/ca\/producto\/ab-102\/#primaryimage","url":"https:\/\/absunglasses.com\/wp-content\/uploads\/AIT02-Pink-Lateral_7685.webp","contentUrl":"https:\/\/absunglasses.com\/wp-content\/uploads\/AIT02-Pink-Lateral_7685.webp","width":1024,"height":444},{"@type":"BreadcrumbList","@id":"https:\/\/absunglasses.com\/ca\/producto\/ab-102\/#breadcrumb","itemListElement":[{"@type":"ListItem","position":1,"name":"Portada","item":"https:\/\/absunglasses.com\/ca\/"},{"@type":"ListItem","position":2,"name":"Shop","item":"https:\/\/absunglasses.com\/ca\/shop\/"},{"@type":"ListItem","position":3,"name":"AB.102"}]},{"@type":"WebSite","@id":"http:\/\/absunglasses.com\/ca\/#website","url":"http:\/\/absunglasses.com\/ca\/","name":"AB Sunglasses - Aitana Bonmati","description":"Gafas de sol Aitana Bonmat\u00ed","publisher":{"@id":"http:\/\/absunglasses.com\/ca\/#organization"},"potentialAction":[{"@type":"SearchAction","target":{"@type":"EntryPoint","urlTemplate":"http:\/\/absunglasses.com\/ca\/?s={search_term_string}"},"query-input":{"@type":"PropertyValueSpecification","valueRequired":true,"valueName":"search_term_string"}}],"inLanguage":"ca"},{"@type":"Organization","@id":"http:\/\/absunglasses.com\/ca\/#organization","name":"AB Sunglasses - Aitana Bonmati","url":"http:\/\/absunglasses.com\/ca\/","logo":{"@type":"ImageObject","inLanguage":"ca","@id":"http:\/\/absunglasses.com\/ca\/#\/schema\/logo\/image\/","url":"https:\/\/absunglasses.com\/wp-content\/uploads\/cropped-AbsunglassesLogo.png","contentUrl":"https:\/\/absunglasses.com\/wp-content\/uploads\/cropped-AbsunglassesLogo.png","width":614,"height":244,"caption":"AB Sunglasses - Aitana Bonmati"},"image":{"@id":"http:\/\/absunglasses.com\/ca\/#\/schema\/logo\/image\/"}}]}},"spectra_custom_meta":{"_product_attributes":["a:1:{s:17:\"pa_elige-el-color\";a:6:{s:4:\"name\";s:17:\"pa_elige-el-color\";s:5:\"value\";s:0:\"\";s:8:\"position\";i:1;s:10:\"is_visible\";i:0;s:12:\"is_variation\";i:1;s:11:\"is_taxonomy\";i:1;}}"],"attr_label_translations":["a:1:{s:2:\"ca\";a:1:{s:14:\"elige-el-color\";s:14:\"Trieu el color\";}}"],"_wcml_average_rating":[null],"_wcml_review_count":[null],"_wcml_rating_count":[null],"_yoast_wpseo_primary_product_cat":[""],"_backorders":["no"],"_download_limit":["-1"],"_download_expiry":["-1"],"_downloadable":["no"],"_manage_stock":["no"],"_stock_status":["instock"],"_sold_individually":["no"],"_tax_class":[""],"_tax_status":["taxable"],"_virtual":["no"],"total_sales":["11"],"stick-header-meta":["default"],"site-sidebar-layout":["default"],"theme-transparent-header-meta":["default"],"ast-site-content-layout":["default"],"site-content-style":["default"],"site-sidebar-style":["default"],"_top_nav_excluded":[""],"_cms_nav_minihome":[""],"wcml_sync_hash":["a:1:{s:15:\"postmeta_fields\";s:32:\"61393cd8a56800f7ceb25317da89b241\";}"],"_crosssell_ids":["a:0:{}"],"_thumbnail_id":["610"],"_product_image_gallery":["726,728,730,720,722,724,714,716,718"],"_last_translation_edit_mode":["translation-editor"],"_edit_lock":["1720083978:4"],"_wpml_word_count":["{\"total\":46,\"to_translate\":{\"en\":46,\"es\":46}}"],"_weight":["150"],"_width":["210"],"_height":["65"],"_length":["105"],"_wc_facebook_sync_enabled":["yes"],"fb_visibility":["yes"],"_wc_facebook_sync_enabled_v2":["yes"],"_price":["49"],"_wc_rating_count":[""],"_wc_review_count":[""],"_wc_average_rating":[0]},"uagb_featured_image_src":{"full":["https:\/\/absunglasses.com\/wp-content\/uploads\/AIT02-Pink-Lateral_7685.webp",1024,444,false],"thumbnail":["https:\/\/absunglasses.com\/wp-content\/uploads\/AIT02-Pink-Lateral_7685-150x150.webp",150,150,true],"medium":["https:\/\/absunglasses.com\/wp-content\/uploads\/AIT02-Pink-Lateral_7685-300x130.webp",300,130,true],"medium_large":["https:\/\/absunglasses.com\/wp-content\/uploads\/AIT02-Pink-Lateral_7685-768x333.webp",768,333,true],"large":["https:\/\/absunglasses.com\/wp-content\/uploads\/AIT02-Pink-Lateral_7685.webp",1024,444,false],"1536x1536":["https:\/\/absunglasses.com\/wp-content\/uploads\/AIT02-Pink-Lateral_7685.webp",1024,444,false],"2048x2048":["https:\/\/absunglasses.com\/wp-content\/uploads\/AIT02-Pink-Lateral_7685.webp",1024,444,false],"mailpoet_newsletter_max":["https:\/\/absunglasses.com\/wp-content\/uploads\/AIT02-Pink-Lateral_7685.webp",1024,444,false],"woocommerce_thumbnail":["https:\/\/absunglasses.com\/wp-content\/uploads\/AIT02-Pink-Lateral_7685-800x347.webp",800,347,true],"woocommerce_single":["https:\/\/absunglasses.com\/wp-content\/uploads\/AIT02-Pink-Lateral_7685.webp",1024,444,false],"woocommerce_gallery_thumbnail":["https:\/\/absunglasses.com\/wp-content\/uploads\/AIT02-Pink-Lateral_7685-100x100.webp",100,100,true]},"uagb_author_info":{"display_name":"kiko","author_link":"https:\/\/absunglasses.com\/ca\/author\/"},"uagb_comment_info":0,"uagb_excerpt":"Model d'ulleres de sol rectangular, retro, amb muntura per a looks m\u00e9s innovadors i elegants. Imprescindibles per a un pla exclusiu amb amics. Destacar\u00e0s en qualsevol ocasi\u00f3. Muntura i varetes d'acetat. Lent CR39 amb tractament antireflexant a la cara interna.","_links":{"self":[{"href":"https:\/\/absunglasses.com\/ca\/wp-json\/wp\/v2\/product\/863","targetHints":{"allow":["GET"]}}],"collection":[{"href":"https:\/\/absunglasses.com\/ca\/wp-json\/wp\/v2\/product"}],"about":[{"href":"https:\/\/absunglasses.com\/ca\/wp-json\/wp\/v2\/types\/product"}],"replies":[{"embeddable":true,"href":"https:\/\/absunglasses.com\/ca\/wp-json\/wp\/v2\/comments?post=863"}],"wp:featuredmedia":[{"embeddable":true,"href":"https:\/\/absunglasses.com\/ca\/wp-json\/wp\/v2\/media\/610"}],"wp:attachment":[{"href":"https:\/\/absunglasses.com\/ca\/wp-json\/wp\/v2\/media?parent=863"}],"wp:term":[{"taxonomy":"product_brand","embeddable":true,"href":"https:\/\/absunglasses.com\/ca\/wp-json\/wp\/v2\/product_brand?post=863"},{"taxonomy":"product_cat","embeddable":true,"href":"https:\/\/absunglasses.com\/ca\/wp-json\/wp\/v2\/product_cat?post=863"},{"taxonomy":"product_tag","embeddable":true,"href":"https:\/\/absunglasses.com\/ca\/wp-json\/wp\/v2\/product_tag?post=863"}],"curies":[{"name":"wp","href":"https:\/\/api.w.org\/{rel}","templated":true}]}}