{"id":857,"date":"2024-06-28T11:08:28","date_gmt":"2024-06-28T11:08:28","guid":{"rendered":"https:\/\/red-turtle-903830.hostingersite.com\/politica-de-cookies\/"},"modified":"2024-07-03T16:58:52","modified_gmt":"2024-07-03T16:58:52","slug":"politica-de-cookies","status":"publish","type":"page","link":"https:\/\/absunglasses.com\/ca\/politica-de-cookies\/","title":{"rendered":"Pol\u00edtica de Cookies"},"content":{"rendered":"\n<p>En aquesta web recopilem i utilitzem la informaci\u00f3 segons indiquem a la nostra pol\u00edtica de privadesa. Una de les formes en qu\u00e8 recopilem informaci\u00f3 \u00e9s a trav\u00e9s de l&#8217;\u00fas de la tecnologia anomenada \u201ccookies\u201d. A absunglasses.com utilitzem cookies per a diverses coses.<\/p>\n\n<p><strong>Qu\u00e8 \u00e9s una galeta?<\/strong><\/p>\n\n<p>Una \u201ccookie\u201d \u00e9s una petita quantitat de text que s&#8217;emmagatzema al vostre navegador <em>(p.ex. Chrome de Google o Safari d&#8217;Apple)<\/em> quan navegueu per la majoria dels llocs web.<\/p>\n\n<p><strong>Acceptaci\u00f3 de cookies<\/strong><\/p>\n\n<p>En accedir a aquest lloc web o aplicaci\u00f3 per primera vegada, apareixer\u00e0 una advert\u00e8ncia on se us informa de la utilitzaci\u00f3 de les cookies i on es pot consultar aquesta pol\u00edtica de cookies.<\/p>\n\n<p>No es descarregar\u00e0 cap galeta fins que l&#8217;usuari no consenti expressament la instal\u00b7laci\u00f3 de les galetes. Si l&#8217;usuari consent la utilitzaci\u00f3 de cookies, es realitzar\u00e0 la instal\u00b7laci\u00f3 de les mateixes al vostre equip o dispositiu.<\/p>\n\n<p>A m\u00e9s de l&#8217;\u00fas de les nostres cookies pr\u00f2pies, permetem a tercers establir cookies i accedir-hi al dispositiu.<\/p>\n\n<p><strong>Quina informaci\u00f3 emmagatzema una galeta?<\/strong><\/p>\n\n<p>Les cookies no solen emmagatzemar informaci\u00f3 sensible sobre vost\u00e8, com ara targetes de cr\u00e8dit o dades banc\u00e0ries, fotografies o informaci\u00f3 personal, etc. Les dades que guarden s\u00f3n de car\u00e0cter t\u00e8cnic, estad\u00edstiques, prefer\u00e8ncies personals, personalitzaci\u00f3 de continguts, etc.<\/p>\n\n<p><strong>Quin tipus de galetes hi ha?<\/strong><\/p>\n\n<ul class=\"wp-block-list\">\n<li><strong>Galetes t\u00e8cniques:<\/strong> S\u00f3n les m\u00e9s elementals i permeten, entre altres coses, saber quan est\u00e0 navegant un hum\u00e0 o una aplicaci\u00f3 automatitzada, quan navega un usuari an\u00f2nim i un registrat, tasques b\u00e0siques per al funcionament de qualsevol web din\u00e0mica.<\/li>\n\n\n\n<li><strong>Galetes d&#8217;an\u00e0lisi:<\/strong> recullen informaci\u00f3 sobre el tipus de navegaci\u00f3 que esteu realitzant, les seccions que m\u00e9s utilitzeu, productes consultats, franja hor\u00e0ria d&#8217;\u00fas, idioma, etc.<\/li>\n\n\n\n<li><strong>Galetes publicit\u00e0ries:<\/strong> Mostren publicitat en funci\u00f3 de la seva navegaci\u00f3, el seu pa\u00eds de proced\u00e8ncia, idioma, etc.<\/li>\n\n\n\n<li><strong>Cookies acceptades per la normativa i galetes exceptuades<\/strong><\/li>\n<\/ul>\n\n<p>Segons la directiva de la UE, les galetes que requereixen el consentiment informat per part de l&#8217;usuari s\u00f3n les galetes d&#8217;anal\u00edtica, i les de publicitat i afiliaci\u00f3, quedant exceptuades les de car\u00e0cter t\u00e8cnic i les necess\u00e0ries per al funcionament del lloc web o la prestaci\u00f3 de serveis expressament sol\u00b7licitats per l&#8217;usuari.<\/p>\n\n<p><strong>Quines galetes utilitza aquesta web?<\/strong><\/p>\n\n<p>Aquest web utilitza cookies pr\u00f2pies i de tercers. En aquest lloc web s&#8217;utilitzen les galetes que es detallen a continuaci\u00f3:<\/p>\n\n<p><strong>COOKIES PR\u00d2PIES<\/strong><\/p>\n\n<ul class=\"wp-block-list\">\n<li><strong>Inici de sessi\u00f3:<\/strong> Les galetes per iniciar sessi\u00f3 et permeten entrar i sortir del teu compte d&#8217;absunglasses.com<\/li>\n\n\n\n<li><strong>Personalitzaci\u00f3:<\/strong> Les cookies ens ajuden a recordar amb quines persones o llocs web has interactuat, perqu\u00e8 puguem mostrar contingut relacionat.<\/li>\n\n\n\n<li><strong>Prefer\u00e8ncies:<\/strong> Les cookies ens permeten recordar els vostres ajustaments i prefer\u00e8ncies, com ara l&#8217;idioma preferit i la vostra configuraci\u00f3 de privadesa.<\/li>\n\n\n\n<li><strong>Seguretat:<\/strong> Utilitzem cookies per evitar riscos de seguretat. Principalment per detectar quan alg\u00fa est\u00e0 intentant piratejar el teu compte d&#8217;absunglasses.com<\/li>\n<\/ul>\n\n<p><strong>COOKIES DE TERCERS<\/strong><\/p>\n\n<p><strong>M\u00f2dul Google Analytics (GA4)<\/strong><\/p>\n\n<p><strong>Galetes anal\u00edtiques<\/strong><\/p>\n\n<p>Aquest web utilitza serveis d&#8217;an\u00e0lisi, concretament, Google Analytics per ajudar el website a analitzar l&#8217;\u00fas que fan els usuaris del lloc web i millorar-ne la usabilitat, per\u00f2 en cap cas s&#8217;associen a dades que puguin identificar l&#8217;usuari. Google Analytics \u00e9s un servei anal\u00edtic de web prestat per Google Inc. L&#8217;usuari pot consultar <a href=\"https:\/\/www.google.es\/intl\/es\/policies\/technologies\/types\/\" target=\"_blank\" rel=\"noreferrer noopener\">aqu\u00ed<\/a> el tipus de galetes utilitzades per Google.<\/p>\n\n<p><strong>Galetes de xarxes socials<\/strong><\/p>\n\n<p>Les galetes de xarxes socials es poden emmagatzemar al vostre navegador mentre navega per absunglasses.com per exemple, quan utilitza el bot\u00f3 de compartir continguts d&#8217;absunglasses.com en alguna xarxa social.<\/p>\n\n<p>A continuaci\u00f3, tens informaci\u00f3 sobre les cookies de les xarxes socials que utilitza aquesta web a les seves pr\u00f2pies pol\u00edtiques de cookies:<\/p>\n\n<ul class=\"wp-block-list\">\n<li>Cookies de Facebook, veure m\u00e9s informaci\u00f3 a la seva <a href=\"https:\/\/www.facebook.com\/policies\/cookies\/\" target=\"_blank\" rel=\"noreferrer noopener\">pol\u00edtica de cookies<\/a> .<\/li>\n<\/ul>\n\n<p><strong>M\u00f2dul Cookies publicit\u00e0ries<\/strong><\/p>\n\n<ul class=\"wp-block-list\">\n<li>S\u00f3n aquelles que, tractades per nosaltres o per tercers, ens permeten analitzar els seus h\u00e0bits de navegaci\u00f3 a Internet perqu\u00e8 puguem mostrar publicitat relacionada amb el seu perfil de navegaci\u00f3.<\/li>\n\n\n\n<li><strong>Facebook ads<\/strong><\/li>\n\n\n\n<li><strong>Seguiment de conversions de Facebook Ads (p\u00edxel de Facebook) (Facebook, Inc.)<\/strong><\/li>\n<\/ul>\n\n<p>El seguiment de conversions de Facebook Ads (p\u00edxel de Facebook) \u00e9s un servei d&#8217;estad\u00edstiques prestat per Facebook, Inc. que connecta les dades de la xarxa de publicitat de Facebook amb les accions realitzades en aquesta Aplicaci\u00f3. El p\u00edxel de Facebook fa un seguiment de les conversions que es poden atribuir als anuncis de Facebook, Instagram i Audience Network.<\/p>\n\n<p>Dades personals recollides: galeta i dades d&#8217;\u00fas.<\/p>\n\n<ul class=\"wp-block-list\">\n<li><strong>Facebook Remarketing (Facebook, Inc.)<\/strong><\/li>\n<\/ul>\n\n<p>En aquesta Web \u00e9s possible que usem els plugins socials de Facebook, podent en aquest cas que el vostre navegador pugui crear una connexi\u00f3 directa amb els servidors de Facebook i transmetre les dades (identificador del navegador de l&#8217;usuari) sobre el seu comportament mitjan\u00e7ant la col\u00b7locaci\u00f3 de cookies a els servidors de Facebook.<\/p>\n\n<p>Facebook Remarketing \u00e9s un servei de rem\u00e0rqueting i behavioral targeting prestat per Facebook, Inc. que connecta l&#8217;activitat d&#8217;aquesta aplicaci\u00f3 amb la xarxa de publicitat de Facebook.<\/p>\n\n<p>Per a m\u00e9s informaci\u00f3 i forma de desactivar-les acudir als enlla\u00e7os seg\u00fcents: https:\/\/www.facebook.com\/help\/cookies; https:\/\/www.facebook.com\/about\/privacy\/cookies.<\/p>\n\n<p>Finalitat espec\u00edfica: Utilitzada per Facebook per proporcionar una s\u00e8rie de productes publicitaris com a licitacions en temps real de tercers anunciants.<\/p>\n\n<p>Durada: 1-3 mesos<\/p>\n\n<ul class=\"wp-block-list\">\n<li><strong>Google ads<\/strong><\/li>\n<\/ul>\n\n<p><strong>Conversi\u00f3<\/strong><\/p>\n\n<p>Google utilitza cookies, com ara NID o OGP, per poder personalitzar els anuncis que es mostren als serveis de Google. Google utilitza aquestes galetes, per exemple, per recordar-vos les vostres cerques m\u00e9s recents, les vostres interaccions anteriors amb els resultats de cerca o amb la publicitat d&#8217;un anunciant i les vostres visites al lloc web d&#8217;un anunciant. D&#8217;aquesta manera, Google us pot mostrar anuncis personalitzats.<\/p>\n\n<p>Aquestes galetes s\u00f3n completament gestionades per Google. La informaci\u00f3 sobre el seu \u00fas al nostre lloc web, incloent la seva adre\u00e7a IP, pot ser transmesa a Google i emmagatzemada als seus servidors, si b\u00e9, aix\u00f2 no t&#8217;identifica personalment llevat que hagis iniciat sessi\u00f3 a Google, cas en qu\u00e8 est\u00e0 vinculat al teu compte de Google.<\/p>\n\n<ul class=\"wp-block-list\">\n<li><strong>Seguiment de conversions de Google Ads (Google LLC)<\/strong><\/li>\n<\/ul>\n\n<p>El seguiment de conversions de Google Ads \u00e9s un servei d&#8217;estad\u00edstiques prestat per Google LLC que connecta les dades de la xarxa de publicitat de Google Ads amb les accions realitzades en aquesta Aplicaci\u00f3.<\/p>\n\n<p>Dades personals recollides: galeta i dades d&#8217;\u00fas.<\/p>\n\n<ul class=\"wp-block-list\">\n<li><strong>Remarketing Google Ads:<\/strong><\/li>\n<\/ul>\n\n<p>Utilitzem rem\u00e0rqueting de Google Ads que utilitza les cookies per oferir anuncis en l\u00ednia espec\u00edfics basats en visites anteriors al nostre lloc web. Google utilitza aquesta informaci\u00f3 per mostrar anuncis a diversos llocs web de tercers a trav\u00e9s d&#8217;Internet. Aquestes galetes estan a punt d&#8217;expirar i no contenen informaci\u00f3 que us pugui identificar personalment. Si us plau adre\u00e7a&#8217;t a la publicitat de <a href=\"https:\/\/support.google.com\/google-ads\/answer\/2549116?hl=es&amp;ref_topic=3123080\" target=\"_blank\" rel=\"noreferrer noopener\">Google Av\u00eds de privadesa per obtenir m\u00e9s informaci\u00f3.<\/a><\/p>\n\n<p>  Durada: 30 dies<\/p>\n\n<p><strong>Es poden eliminar les galetes?<\/strong><\/p>\n\n<p>S\u00ed, i no nom\u00e9s eliminar, tamb\u00e9 bloquejar, de manera general o particular per a un domini espec\u00edfic.<\/p>\n\n<p>Per eliminar les cookies d&#8217;un lloc web heu d&#8217;anar a la configuraci\u00f3 del vostre navegador i all\u00e0 podreu buscar les associades al domini en q\u00fcesti\u00f3 i procedir a la seva eliminaci\u00f3.<\/p>\n\n<ul class=\"wp-block-list\">\n<li>Configuraci\u00f3 de cookies per a <a href=\"http:\/\/support.google.com\/chrome\/bin\/answer.py?hl=es&amp;answer=95647\" target=\"_blank\" rel=\"noreferrer noopener\">Google Chrome<\/a><\/li>\n\n\n\n<li>Configuraci\u00f3 de cookies per a <a href=\"https:\/\/support.apple.com\/es-es\/HT201265\" target=\"_blank\" rel=\"noreferrer noopener\">Apple Safari<\/a><\/li>\n\n\n\n<li>Configuraci\u00f3 de cookies per a <a href=\"https:\/\/support.microsoft.com\/es-es\/microsoft-edge\/ver-o-eliminar-el-historial-del-explorador-en-microsoft-edge-00cf7943-a9e1-975a-a33d-ac10ce454ca4\" target=\"_blank\" rel=\"noreferrer noopener\">Microsoft Edge<\/a><\/li>\n\n\n\n<li>Configuraci\u00f3 de cookies per <a href=\"https:\/\/support.mozilla.org\/es\/kb\/habilitar-y-deshabilitar-cookies-sitios-web-rastrear-preferencias?redirectlocale=es&amp;redirectslug=habilitar-y-deshabilitar-cookies-que-los-sitios-we\" target=\"_blank\" rel=\"noreferrer noopener\">a Mozilla Firefox<\/a><\/li>\n<\/ul>\n\n<p><strong>Acceptaci\u00f3 de cookies<\/strong><\/p>\n\n<p>En accedir a aquest lloc web o aplicaci\u00f3 per primera vegada, es mostrar\u00e0 una advert\u00e8ncia on s&#8217;informa de la utilitzaci\u00f3 de les galetes i on podeu consultar aquesta pol\u00edtica de galetes. Si l&#8217;usuari consent la utilitzaci\u00f3 de cookies, es realitzar\u00e0 la instal\u00b7laci\u00f3 de les mateixes al vostre equip o dispositiu.<\/p>\n\n<p>A m\u00e9s de l&#8217;\u00fas de les nostres cookies pr\u00f2pies, permetem a tercers establir cookies i accedir-hi al vostre ordinador. El consentiment de les cookies d&#8217;aquestes empreses est\u00e0 lligat a la navegaci\u00f3 per aquest lloc web.<\/p>\n\n<p><strong>M\u00e9s informaci\u00f3 sobre les cookies<\/strong><\/p>\n\n<p>Pots consultar el reglament sobre cookies publicat per l&#8217;Ag\u00e8ncia Espanyola de Protecci\u00f3 de Dades a la seva <em>\u201c<\/em> <em><a href=\"https:\/\/www.aepd.es\/sites\/default\/files\/2020-07\/guia-cookies.pdf\" target=\"_blank\" rel=\"noreferrer noopener\">Guia sobre l&#8217;\u00fas de les cookies\u201d<\/a><\/em> i obtenir m\u00e9s informaci\u00f3 sobre les cookies a Internet, <em><a href=\"http:\/\/www.aboutcookies.org\/\" target=\"_blank\" rel=\"noreferrer noopener\">http:\/\/www.aboutcookies.org\/<\/a><\/em><\/p>\n\n<p>Si voleu tenir m\u00e9s control sobre la instal\u00b7laci\u00f3 de cookies, podeu instal\u00b7lar programes o complements al vostre navegador, coneguts com a eines de <em>\u201cDo Not Track\u201d<\/em> , que us permetran escollir aquelles cookies que voleu permetre.<\/p>\n\n<p>Aquesta pol\u00edtica de cookies ha estat actualitzada per \u00faltima vegada l&#8217;1 de juliol de 2024.<\/p>\n","protected":false},"excerpt":{"rendered":"<p>En aquesta web recopilem i utilitzem la informaci\u00f3 segons indiquem a la nostra pol\u00edtica de privadesa. Una de les formes [&hellip;]<\/p>\n","protected":false},"author":4,"featured_media":0,"parent":0,"menu_order":0,"comment_status":"closed","ping_status":"closed","template":"","meta":{"_uag_custom_page_level_css":"","site-sidebar-layout":"default","site-content-layout":"","ast-site-content-layout":"normal-width-container","site-content-style":"default","site-sidebar-style":"default","ast-global-header-display":"","ast-banner-title-visibility":"","ast-main-header-display":"","ast-hfb-above-header-display":"","ast-hfb-below-header-display":"","ast-hfb-mobile-header-display":"","site-post-title":"","ast-breadcrumbs-content":"","ast-featured-img":"","footer-sml-layout":"","ast-disable-related-posts":"","theme-transparent-header-meta":"","adv-header-id-meta":"","stick-header-meta":"","header-above-stick-meta":"","header-main-stick-meta":"","header-below-stick-meta":"","astra-migrate-meta-layouts":"default","ast-page-background-enabled":"default","ast-page-background-meta":{"desktop":{"background-color":"var(--ast-global-color-4)","background-image":"","background-repeat":"repeat","background-position":"center center","background-size":"auto","background-attachment":"scroll","background-type":"","background-media":"","overlay-type":"","overlay-color":"","overlay-opacity":"","overlay-gradient":""},"tablet":{"background-color":"","background-image":"","background-repeat":"repeat","background-position":"center center","background-size":"auto","background-attachment":"scroll","background-type":"","background-media":"","overlay-type":"","overlay-color":"","overlay-opacity":"","overlay-gradient":""},"mobile":{"background-color":"","background-image":"","background-repeat":"repeat","background-position":"center center","background-size":"auto","background-attachment":"scroll","background-type":"","background-media":"","overlay-type":"","overlay-color":"","overlay-opacity":"","overlay-gradient":""}},"ast-content-background-meta":{"desktop":{"background-color":"var(--ast-global-color-5)","background-image":"","background-repeat":"repeat","background-position":"center center","background-size":"auto","background-attachment":"scroll","background-type":"","background-media":"","overlay-type":"","overlay-color":"","overlay-opacity":"","overlay-gradient":""},"tablet":{"background-color":"var(--ast-global-color-5)","background-image":"","background-repeat":"repeat","background-position":"center center","background-size":"auto","background-attachment":"scroll","background-type":"","background-media":"","overlay-type":"","overlay-color":"","overlay-opacity":"","overlay-gradient":""},"mobile":{"background-color":"var(--ast-global-color-5)","background-image":"","background-repeat":"repeat","background-position":"center center","background-size":"auto","background-attachment":"scroll","background-type":"","background-media":"","overlay-type":"","overlay-color":"","overlay-opacity":"","overlay-gradient":""}},"footnotes":""},"class_list":["post-857","page","type-page","status-publish","hentry"],"yoast_head":"<!-- This site is optimized with the Yoast SEO plugin v27.1.1 - https:\/\/yoast.com\/product\/yoast-seo-wordpress\/ -->\n<title>Pol\u00edtica de Cookies - AB Sunglasses - Aitana Bonmati<\/title>\n<meta name=\"robots\" content=\"noindex, nofollow\" \/>\n<meta property=\"og:locale\" content=\"ca_ES\" \/>\n<meta property=\"og:type\" content=\"article\" \/>\n<meta property=\"og:title\" content=\"Pol\u00edtica de Cookies - AB Sunglasses - Aitana Bonmati\" \/>\n<meta property=\"og:description\" content=\"En aquesta web recopilem i utilitzem la informaci\u00f3 segons indiquem a la nostra pol\u00edtica de privadesa. Una de les formes [&hellip;]\" \/>\n<meta property=\"og:url\" content=\"https:\/\/absunglasses.com\/ca\/politica-de-cookies\/\" \/>\n<meta property=\"og:site_name\" content=\"AB Sunglasses - Aitana Bonmati\" \/>\n<meta property=\"article:modified_time\" content=\"2024-07-03T16:58:52+00:00\" \/>\n<meta name=\"twitter:card\" content=\"summary_large_image\" \/>\n<meta name=\"twitter:label1\" content=\"Temps estimat de lectura\" \/>\n\t<meta name=\"twitter:data1\" content=\"7 minuts\" \/>\n<script type=\"application\/ld+json\" class=\"yoast-schema-graph\">{\"@context\":\"https:\/\/schema.org\",\"@graph\":[{\"@type\":\"WebPage\",\"@id\":\"https:\/\/absunglasses.com\/ca\/politica-de-cookies\/\",\"url\":\"https:\/\/absunglasses.com\/ca\/politica-de-cookies\/\",\"name\":\"Pol\u00edtica de Cookies - AB Sunglasses - Aitana Bonmati\",\"isPartOf\":{\"@id\":\"http:\/\/absunglasses.com\/ca\/#website\"},\"datePublished\":\"2024-06-28T11:08:28+00:00\",\"dateModified\":\"2024-07-03T16:58:52+00:00\",\"breadcrumb\":{\"@id\":\"https:\/\/absunglasses.com\/ca\/politica-de-cookies\/#breadcrumb\"},\"inLanguage\":\"ca\",\"potentialAction\":[{\"@type\":\"ReadAction\",\"target\":[\"https:\/\/absunglasses.com\/ca\/politica-de-cookies\/\"]}]},{\"@type\":\"BreadcrumbList\",\"@id\":\"https:\/\/absunglasses.com\/ca\/politica-de-cookies\/#breadcrumb\",\"itemListElement\":[{\"@type\":\"ListItem\",\"position\":1,\"name\":\"Portada\",\"item\":\"https:\/\/absunglasses.com\/ca\/\"},{\"@type\":\"ListItem\",\"position\":2,\"name\":\"Pol\u00edtica de Cookies\"}]},{\"@type\":\"WebSite\",\"@id\":\"http:\/\/absunglasses.com\/ca\/#website\",\"url\":\"http:\/\/absunglasses.com\/ca\/\",\"name\":\"AB Sunglasses - Aitana Bonmati\",\"description\":\"Gafas de sol Aitana Bonmat\u00ed\",\"publisher\":{\"@id\":\"http:\/\/absunglasses.com\/ca\/#organization\"},\"potentialAction\":[{\"@type\":\"SearchAction\",\"target\":{\"@type\":\"EntryPoint\",\"urlTemplate\":\"http:\/\/absunglasses.com\/ca\/?s={search_term_string}\"},\"query-input\":{\"@type\":\"PropertyValueSpecification\",\"valueRequired\":true,\"valueName\":\"search_term_string\"}}],\"inLanguage\":\"ca\"},{\"@type\":\"Organization\",\"@id\":\"http:\/\/absunglasses.com\/ca\/#organization\",\"name\":\"AB Sunglasses - Aitana Bonmati\",\"url\":\"http:\/\/absunglasses.com\/ca\/\",\"logo\":{\"@type\":\"ImageObject\",\"inLanguage\":\"ca\",\"@id\":\"http:\/\/absunglasses.com\/ca\/#\/schema\/logo\/image\/\",\"url\":\"https:\/\/absunglasses.com\/wp-content\/uploads\/cropped-AbsunglassesLogo.png\",\"contentUrl\":\"https:\/\/absunglasses.com\/wp-content\/uploads\/cropped-AbsunglassesLogo.png\",\"width\":614,\"height\":244,\"caption\":\"AB Sunglasses - Aitana Bonmati\"},\"image\":{\"@id\":\"http:\/\/absunglasses.com\/ca\/#\/schema\/logo\/image\/\"}}]}<\/script>\n<!-- \/ Yoast SEO plugin. -->","yoast_head_json":{"title":"Pol\u00edtica de Cookies - AB Sunglasses - Aitana Bonmati","robots":{"index":"noindex","follow":"nofollow"},"og_locale":"ca_ES","og_type":"article","og_title":"Pol\u00edtica de Cookies - AB Sunglasses - Aitana Bonmati","og_description":"En aquesta web recopilem i utilitzem la informaci\u00f3 segons indiquem a la nostra pol\u00edtica de privadesa. Una de les formes [&hellip;]","og_url":"https:\/\/absunglasses.com\/ca\/politica-de-cookies\/","og_site_name":"AB Sunglasses - Aitana Bonmati","article_modified_time":"2024-07-03T16:58:52+00:00","twitter_card":"summary_large_image","twitter_misc":{"Temps estimat de lectura":"7 minuts"},"schema":{"@context":"https:\/\/schema.org","@graph":[{"@type":"WebPage","@id":"https:\/\/absunglasses.com\/ca\/politica-de-cookies\/","url":"https:\/\/absunglasses.com\/ca\/politica-de-cookies\/","name":"Pol\u00edtica de Cookies - AB Sunglasses - Aitana Bonmati","isPartOf":{"@id":"http:\/\/absunglasses.com\/ca\/#website"},"datePublished":"2024-06-28T11:08:28+00:00","dateModified":"2024-07-03T16:58:52+00:00","breadcrumb":{"@id":"https:\/\/absunglasses.com\/ca\/politica-de-cookies\/#breadcrumb"},"inLanguage":"ca","potentialAction":[{"@type":"ReadAction","target":["https:\/\/absunglasses.com\/ca\/politica-de-cookies\/"]}]},{"@type":"BreadcrumbList","@id":"https:\/\/absunglasses.com\/ca\/politica-de-cookies\/#breadcrumb","itemListElement":[{"@type":"ListItem","position":1,"name":"Portada","item":"https:\/\/absunglasses.com\/ca\/"},{"@type":"ListItem","position":2,"name":"Pol\u00edtica de Cookies"}]},{"@type":"WebSite","@id":"http:\/\/absunglasses.com\/ca\/#website","url":"http:\/\/absunglasses.com\/ca\/","name":"AB Sunglasses - Aitana Bonmati","description":"Gafas de sol Aitana Bonmat\u00ed","publisher":{"@id":"http:\/\/absunglasses.com\/ca\/#organization"},"potentialAction":[{"@type":"SearchAction","target":{"@type":"EntryPoint","urlTemplate":"http:\/\/absunglasses.com\/ca\/?s={search_term_string}"},"query-input":{"@type":"PropertyValueSpecification","valueRequired":true,"valueName":"search_term_string"}}],"inLanguage":"ca"},{"@type":"Organization","@id":"http:\/\/absunglasses.com\/ca\/#organization","name":"AB Sunglasses - Aitana Bonmati","url":"http:\/\/absunglasses.com\/ca\/","logo":{"@type":"ImageObject","inLanguage":"ca","@id":"http:\/\/absunglasses.com\/ca\/#\/schema\/logo\/image\/","url":"https:\/\/absunglasses.com\/wp-content\/uploads\/cropped-AbsunglassesLogo.png","contentUrl":"https:\/\/absunglasses.com\/wp-content\/uploads\/cropped-AbsunglassesLogo.png","width":614,"height":244,"caption":"AB Sunglasses - Aitana Bonmati"},"image":{"@id":"http:\/\/absunglasses.com\/ca\/#\/schema\/logo\/image\/"}}]}},"spectra_custom_meta":{"_yoast_wpseo_meta-robots-noindex":["1"],"_yoast_wpseo_meta-robots-nofollow":["1"],"adv-header-id-meta":[""],"stick-header-meta":[""],"theme-transparent-header-meta":[""],"ast-site-content-layout":["normal-width-container"],"_top_nav_excluded":[""],"_cms_nav_minihome":[""],"_last_translation_edit_mode":["translation-editor"],"_wpml_word_count":["{\"total\":1387,\"to_translate\":{\"en\":1387,\"es\":1387}}"],"_cmplz_scanned_post":["1"],"_uag_page_assets":["a:9:{s:3:\"css\";s:0:\"\";s:2:\"js\";s:0:\"\";s:18:\"current_block_list\";a:10:{i:0;s:14:\"core\/paragraph\";i:1;s:9:\"core\/list\";i:2;s:14:\"core\/list-item\";i:3;s:11:\"core\/search\";i:4;s:10:\"core\/group\";i:5;s:12:\"core\/heading\";i:6;s:17:\"core\/latest-posts\";i:7;s:20:\"core\/latest-comments\";i:8;s:13:\"core\/archives\";i:9;s:15:\"core\/categories\";}s:8:\"uag_flag\";b:0;s:11:\"uag_version\";s:10:\"1776552000\";s:6:\"gfonts\";a:0:{}s:10:\"gfonts_url\";s:0:\"\";s:12:\"gfonts_files\";a:0:{}s:14:\"uag_faq_layout\";b:0;}"]},"uagb_featured_image_src":{"full":false,"thumbnail":false,"medium":false,"medium_large":false,"large":false,"1536x1536":false,"2048x2048":false,"mailpoet_newsletter_max":false,"woocommerce_thumbnail":false,"woocommerce_single":false,"woocommerce_gallery_thumbnail":false},"uagb_author_info":{"display_name":"kiko","author_link":"https:\/\/absunglasses.com\/ca\/author\/kiko\/"},"uagb_comment_info":0,"uagb_excerpt":"En aquesta web recopilem i utilitzem la informaci\u00f3 segons indiquem a la nostra pol\u00edtica de privadesa. Una de les formes [&hellip;]","_links":{"self":[{"href":"https:\/\/absunglasses.com\/ca\/wp-json\/wp\/v2\/pages\/857","targetHints":{"allow":["GET"]}}],"collection":[{"href":"https:\/\/absunglasses.com\/ca\/wp-json\/wp\/v2\/pages"}],"about":[{"href":"https:\/\/absunglasses.com\/ca\/wp-json\/wp\/v2\/types\/page"}],"author":[{"embeddable":true,"href":"https:\/\/absunglasses.com\/ca\/wp-json\/wp\/v2\/users\/4"}],"replies":[{"embeddable":true,"href":"https:\/\/absunglasses.com\/ca\/wp-json\/wp\/v2\/comments?post=857"}],"version-history":[{"count":0,"href":"https:\/\/absunglasses.com\/ca\/wp-json\/wp\/v2\/pages\/857\/revisions"}],"wp:attachment":[{"href":"https:\/\/absunglasses.com\/ca\/wp-json\/wp\/v2\/media?parent=857"}],"curies":[{"name":"wp","href":"https:\/\/api.w.org\/{rel}","templated":true}]}}