{"id":786,"date":"2024-06-27T18:39:05","date_gmt":"2024-06-27T18:39:05","guid":{"rendered":"https:\/\/red-turtle-903830.hostingersite.com\/producto\/ab-103\/"},"modified":"2024-07-14T17:25:13","modified_gmt":"2024-07-14T17:25:13","slug":"ab-103","status":"publish","type":"product","link":"http:\/\/absunglasses.com\/ca\/producto\/ab-103\/","title":{"rendered":"AB.103"},"content":{"rendered":"","protected":false},"excerpt":{"rendered":"<p>Model d&#8217;ulleres de sol en tend\u00e8ncia, muntura \u00e0mplia, quadrada que real\u00e7a qualsevol outfit, des del m\u00e9s sport al m\u00e9s formal.<\/p>\n<p>Triomfar\u00e0s all\u00e0 on vagis!<\/p>\n<p><span style=\"font-family: Montserrat, serif;\">Muntura i varetes de pasta.<\/span><\/p>\n<p><span style=\"font-family: Montserrat, serif;\">Lent CR39 amb tractament antireflexant a la cara interna.<\/span><\/p>\n","protected":false},"featured_media":658,"comment_status":"open","ping_status":"closed","template":"","meta":{"_uag_custom_page_level_css":"","site-sidebar-layout":"default","site-content-layout":"","ast-site-content-layout":"default","site-content-style":"default","site-sidebar-style":"default","ast-global-header-display":"","ast-banner-title-visibility":"","ast-main-header-display":"","ast-hfb-above-header-display":"","ast-hfb-below-header-display":"","ast-hfb-mobile-header-display":"","site-post-title":"","ast-breadcrumbs-content":"","ast-featured-img":"","footer-sml-layout":"","ast-disable-related-posts":"","theme-transparent-header-meta":"default","adv-header-id-meta":"","stick-header-meta":"default","header-above-stick-meta":"","header-main-stick-meta":"","header-below-stick-meta":"","astra-migrate-meta-layouts":"default","ast-page-background-enabled":"default","ast-page-background-meta":{"desktop":{"background-color":"var(--ast-global-color-4)","background-image":"","background-repeat":"repeat","background-position":"center center","background-size":"auto","background-attachment":"scroll","background-type":"","background-media":"","overlay-type":"","overlay-color":"","overlay-opacity":"","overlay-gradient":""},"tablet":{"background-color":"","background-image":"","background-repeat":"repeat","background-position":"center center","background-size":"auto","background-attachment":"scroll","background-type":"","background-media":"","overlay-type":"","overlay-color":"","overlay-opacity":"","overlay-gradient":""},"mobile":{"background-color":"","background-image":"","background-repeat":"repeat","background-position":"center center","background-size":"auto","background-attachment":"scroll","background-type":"","background-media":"","overlay-type":"","overlay-color":"","overlay-opacity":"","overlay-gradient":""}},"ast-content-background-meta":{"desktop":{"background-color":"var(--ast-global-color-5)","background-image":"","background-repeat":"repeat","background-position":"center center","background-size":"auto","background-attachment":"scroll","background-type":"","background-media":"","overlay-type":"","overlay-color":"","overlay-opacity":"","overlay-gradient":""},"tablet":{"background-color":"var(--ast-global-color-5)","background-image":"","background-repeat":"repeat","background-position":"center center","background-size":"auto","background-attachment":"scroll","background-type":"","background-media":"","overlay-type":"","overlay-color":"","overlay-opacity":"","overlay-gradient":""},"mobile":{"background-color":"var(--ast-global-color-5)","background-image":"","background-repeat":"repeat","background-position":"center center","background-size":"auto","background-attachment":"scroll","background-type":"","background-media":"","overlay-type":"","overlay-color":"","overlay-opacity":"","overlay-gradient":""}}},"product_brand":[],"product_cat":[27],"product_tag":[],"class_list":{"0":"post-786","1":"product","2":"type-product","3":"status-publish","4":"has-post-thumbnail","6":"product_cat-ulleres","7":"desktop-align-left","8":"tablet-align-left","9":"mobile-align-left","10":"ast-product-gallery-layout-first-image-large","11":"ast-product-single-variable","13":"first","14":"instock","15":"sale","16":"taxable","17":"shipping-taxable","18":"purchasable","19":"product-type-variable"},"yoast_head":"<!-- This site is optimized with the Yoast SEO plugin v27.1.1 - https:\/\/yoast.com\/product\/yoast-seo-wordpress\/ -->\n<title>AB.103 - AB Sunglasses - Aitana Bonmati<\/title>\n<meta name=\"robots\" content=\"index, follow, max-snippet:-1, max-image-preview:large, max-video-preview:-1\" \/>\n<link rel=\"canonical\" href=\"http:\/\/absunglasses.com\/ca\/producto\/ab-103\/\" \/>\n<meta property=\"og:locale\" content=\"ca_ES\" \/>\n<meta property=\"og:type\" content=\"article\" \/>\n<meta property=\"og:title\" content=\"AB.103 - AB Sunglasses - Aitana Bonmati\" \/>\n<meta property=\"og:description\" content=\"Model d&#039;ulleres de sol en tend\u00e8ncia, muntura \u00e0mplia, quadrada que real\u00e7a qualsevol outfit, des del m\u00e9s sport al m\u00e9s formal. Triomfar\u00e0s all\u00e0 on vagis! Muntura i varetes de pasta. Lent CR39 amb tractament antireflexant a la cara interna.\" \/>\n<meta property=\"og:url\" content=\"http:\/\/absunglasses.com\/ca\/producto\/ab-103\/\" \/>\n<meta property=\"og:site_name\" content=\"AB Sunglasses - Aitana Bonmati\" \/>\n<meta property=\"article:modified_time\" content=\"2024-07-14T17:25:13+00:00\" \/>\n<meta property=\"og:image\" content=\"https:\/\/absunglasses.com\/wp-content\/uploads\/AIT03-Pink-Lateral_8975.webp\" \/>\n\t<meta property=\"og:image:width\" content=\"1280\" \/>\n\t<meta property=\"og:image:height\" content=\"512\" \/>\n\t<meta property=\"og:image:type\" content=\"image\/webp\" \/>\n<meta name=\"twitter:card\" content=\"summary_large_image\" \/>\n<script type=\"application\/ld+json\" class=\"yoast-schema-graph\">{\"@context\":\"https:\/\/schema.org\",\"@graph\":[{\"@type\":\"WebPage\",\"@id\":\"http:\/\/absunglasses.com\/ca\/producto\/ab-103\/\",\"url\":\"http:\/\/absunglasses.com\/ca\/producto\/ab-103\/\",\"name\":\"AB.103 - AB Sunglasses - Aitana Bonmati\",\"isPartOf\":{\"@id\":\"http:\/\/absunglasses.com\/ca\/#website\"},\"primaryImageOfPage\":{\"@id\":\"http:\/\/absunglasses.com\/ca\/producto\/ab-103\/#primaryimage\"},\"image\":{\"@id\":\"http:\/\/absunglasses.com\/ca\/producto\/ab-103\/#primaryimage\"},\"thumbnailUrl\":\"http:\/\/absunglasses.com\/wp-content\/uploads\/AIT03-Pink-Lateral_8975.webp\",\"datePublished\":\"2024-06-27T18:39:05+00:00\",\"dateModified\":\"2024-07-14T17:25:13+00:00\",\"breadcrumb\":{\"@id\":\"http:\/\/absunglasses.com\/ca\/producto\/ab-103\/#breadcrumb\"},\"inLanguage\":\"ca\",\"potentialAction\":[{\"@type\":\"ReadAction\",\"target\":[\"http:\/\/absunglasses.com\/ca\/producto\/ab-103\/\"]}]},{\"@type\":\"ImageObject\",\"inLanguage\":\"ca\",\"@id\":\"http:\/\/absunglasses.com\/ca\/producto\/ab-103\/#primaryimage\",\"url\":\"http:\/\/absunglasses.com\/wp-content\/uploads\/AIT03-Pink-Lateral_8975.webp\",\"contentUrl\":\"http:\/\/absunglasses.com\/wp-content\/uploads\/AIT03-Pink-Lateral_8975.webp\",\"width\":1280,\"height\":512},{\"@type\":\"BreadcrumbList\",\"@id\":\"http:\/\/absunglasses.com\/ca\/producto\/ab-103\/#breadcrumb\",\"itemListElement\":[{\"@type\":\"ListItem\",\"position\":1,\"name\":\"Portada\",\"item\":\"https:\/\/absunglasses.com\/ca\/\"},{\"@type\":\"ListItem\",\"position\":2,\"name\":\"Shop\",\"item\":\"https:\/\/absunglasses.com\/ca\/shop\/\"},{\"@type\":\"ListItem\",\"position\":3,\"name\":\"AB.103\"}]},{\"@type\":\"WebSite\",\"@id\":\"http:\/\/absunglasses.com\/ca\/#website\",\"url\":\"http:\/\/absunglasses.com\/ca\/\",\"name\":\"AB Sunglasses - Aitana Bonmati\",\"description\":\"Gafas de sol Aitana Bonmat\u00ed\",\"publisher\":{\"@id\":\"http:\/\/absunglasses.com\/ca\/#organization\"},\"potentialAction\":[{\"@type\":\"SearchAction\",\"target\":{\"@type\":\"EntryPoint\",\"urlTemplate\":\"http:\/\/absunglasses.com\/ca\/?s={search_term_string}\"},\"query-input\":{\"@type\":\"PropertyValueSpecification\",\"valueRequired\":true,\"valueName\":\"search_term_string\"}}],\"inLanguage\":\"ca\"},{\"@type\":\"Organization\",\"@id\":\"http:\/\/absunglasses.com\/ca\/#organization\",\"name\":\"AB Sunglasses - Aitana Bonmati\",\"url\":\"http:\/\/absunglasses.com\/ca\/\",\"logo\":{\"@type\":\"ImageObject\",\"inLanguage\":\"ca\",\"@id\":\"http:\/\/absunglasses.com\/ca\/#\/schema\/logo\/image\/\",\"url\":\"http:\/\/absunglasses.com\/wp-content\/uploads\/cropped-AbsunglassesLogo.png\",\"contentUrl\":\"http:\/\/absunglasses.com\/wp-content\/uploads\/cropped-AbsunglassesLogo.png\",\"width\":614,\"height\":244,\"caption\":\"AB Sunglasses - Aitana Bonmati\"},\"image\":{\"@id\":\"http:\/\/absunglasses.com\/ca\/#\/schema\/logo\/image\/\"}}]}<\/script>\n<!-- \/ Yoast SEO plugin. -->","yoast_head_json":{"title":"AB.103 - AB Sunglasses - Aitana Bonmati","robots":{"index":"index","follow":"follow","max-snippet":"max-snippet:-1","max-image-preview":"max-image-preview:large","max-video-preview":"max-video-preview:-1"},"canonical":"http:\/\/absunglasses.com\/ca\/producto\/ab-103\/","og_locale":"ca_ES","og_type":"article","og_title":"AB.103 - AB Sunglasses - Aitana Bonmati","og_description":"Model d'ulleres de sol en tend\u00e8ncia, muntura \u00e0mplia, quadrada que real\u00e7a qualsevol outfit, des del m\u00e9s sport al m\u00e9s formal. Triomfar\u00e0s all\u00e0 on vagis! Muntura i varetes de pasta. Lent CR39 amb tractament antireflexant a la cara interna.","og_url":"http:\/\/absunglasses.com\/ca\/producto\/ab-103\/","og_site_name":"AB Sunglasses - Aitana Bonmati","article_modified_time":"2024-07-14T17:25:13+00:00","og_image":[{"width":1280,"height":512,"url":"https:\/\/absunglasses.com\/wp-content\/uploads\/AIT03-Pink-Lateral_8975.webp","type":"image\/webp"}],"twitter_card":"summary_large_image","schema":{"@context":"https:\/\/schema.org","@graph":[{"@type":"WebPage","@id":"http:\/\/absunglasses.com\/ca\/producto\/ab-103\/","url":"http:\/\/absunglasses.com\/ca\/producto\/ab-103\/","name":"AB.103 - AB Sunglasses - Aitana Bonmati","isPartOf":{"@id":"http:\/\/absunglasses.com\/ca\/#website"},"primaryImageOfPage":{"@id":"http:\/\/absunglasses.com\/ca\/producto\/ab-103\/#primaryimage"},"image":{"@id":"http:\/\/absunglasses.com\/ca\/producto\/ab-103\/#primaryimage"},"thumbnailUrl":"http:\/\/absunglasses.com\/wp-content\/uploads\/AIT03-Pink-Lateral_8975.webp","datePublished":"2024-06-27T18:39:05+00:00","dateModified":"2024-07-14T17:25:13+00:00","breadcrumb":{"@id":"http:\/\/absunglasses.com\/ca\/producto\/ab-103\/#breadcrumb"},"inLanguage":"ca","potentialAction":[{"@type":"ReadAction","target":["http:\/\/absunglasses.com\/ca\/producto\/ab-103\/"]}]},{"@type":"ImageObject","inLanguage":"ca","@id":"http:\/\/absunglasses.com\/ca\/producto\/ab-103\/#primaryimage","url":"http:\/\/absunglasses.com\/wp-content\/uploads\/AIT03-Pink-Lateral_8975.webp","contentUrl":"http:\/\/absunglasses.com\/wp-content\/uploads\/AIT03-Pink-Lateral_8975.webp","width":1280,"height":512},{"@type":"BreadcrumbList","@id":"http:\/\/absunglasses.com\/ca\/producto\/ab-103\/#breadcrumb","itemListElement":[{"@type":"ListItem","position":1,"name":"Portada","item":"https:\/\/absunglasses.com\/ca\/"},{"@type":"ListItem","position":2,"name":"Shop","item":"https:\/\/absunglasses.com\/ca\/shop\/"},{"@type":"ListItem","position":3,"name":"AB.103"}]},{"@type":"WebSite","@id":"http:\/\/absunglasses.com\/ca\/#website","url":"http:\/\/absunglasses.com\/ca\/","name":"AB Sunglasses - Aitana Bonmati","description":"Gafas de sol Aitana Bonmat\u00ed","publisher":{"@id":"http:\/\/absunglasses.com\/ca\/#organization"},"potentialAction":[{"@type":"SearchAction","target":{"@type":"EntryPoint","urlTemplate":"http:\/\/absunglasses.com\/ca\/?s={search_term_string}"},"query-input":{"@type":"PropertyValueSpecification","valueRequired":true,"valueName":"search_term_string"}}],"inLanguage":"ca"},{"@type":"Organization","@id":"http:\/\/absunglasses.com\/ca\/#organization","name":"AB Sunglasses - Aitana Bonmati","url":"http:\/\/absunglasses.com\/ca\/","logo":{"@type":"ImageObject","inLanguage":"ca","@id":"http:\/\/absunglasses.com\/ca\/#\/schema\/logo\/image\/","url":"http:\/\/absunglasses.com\/wp-content\/uploads\/cropped-AbsunglassesLogo.png","contentUrl":"http:\/\/absunglasses.com\/wp-content\/uploads\/cropped-AbsunglassesLogo.png","width":614,"height":244,"caption":"AB Sunglasses - Aitana Bonmati"},"image":{"@id":"http:\/\/absunglasses.com\/ca\/#\/schema\/logo\/image\/"}}]}},"spectra_custom_meta":{"_product_attributes":["a:1:{s:17:\"pa_elige-el-color\";a:6:{s:4:\"name\";s:17:\"pa_elige-el-color\";s:5:\"value\";s:0:\"\";s:8:\"position\";i:1;s:10:\"is_visible\";i:0;s:12:\"is_variation\";i:1;s:11:\"is_taxonomy\";i:1;}}"],"attr_label_translations":["a:1:{s:2:\"ca\";a:1:{s:14:\"elige-el-color\";s:14:\"Trieu el color\";}}"],"_wcml_average_rating":[null],"_wcml_review_count":[null],"_wcml_rating_count":[null],"_yoast_wpseo_primary_product_cat":[""],"_backorders":["no"],"_download_limit":["-1"],"_download_expiry":["-1"],"_downloadable":["no"],"_manage_stock":["no"],"_stock_status":["instock"],"_sold_individually":["no"],"_tax_class":[""],"_tax_status":["taxable"],"_virtual":["no"],"stick-header-meta":["default"],"site-sidebar-layout":["default"],"theme-transparent-header-meta":["default"],"ast-site-content-layout":["default"],"site-content-style":["default"],"site-sidebar-style":["default"],"_top_nav_excluded":[""],"_cms_nav_minihome":[""],"wcml_sync_hash":["a:1:{s:15:\"postmeta_fields\";s:32:\"e365170e50bb74efacdd33e59a0370a7\";}"],"_crosssell_ids":["a:0:{}"],"_thumbnail_id":["658"],"_product_image_gallery":["740,742,738,732,734,736,744,746,748"],"_last_translation_edit_mode":["translation-editor"],"_wpml_word_count":["{\"total\":43,\"to_translate\":{\"en\":43,\"es\":43}}"],"_weight":["150"],"_width":["210"],"_height":["65"],"_length":["105"],"total_sales":["14"],"_wc_facebook_sync_enabled":["yes"],"fb_visibility":["yes"],"_wc_facebook_sync_enabled_v2":["yes"],"_price":["49"],"_wc_rating_count":[""],"_wc_review_count":[""],"_wc_average_rating":[0]},"uagb_featured_image_src":{"full":["http:\/\/absunglasses.com\/wp-content\/uploads\/AIT03-Pink-Lateral_8975.webp",1280,512,false],"thumbnail":["http:\/\/absunglasses.com\/wp-content\/uploads\/AIT03-Pink-Lateral_8975-150x150.webp",150,150,true],"medium":["http:\/\/absunglasses.com\/wp-content\/uploads\/AIT03-Pink-Lateral_8975-300x120.webp",300,120,true],"medium_large":["http:\/\/absunglasses.com\/wp-content\/uploads\/AIT03-Pink-Lateral_8975-768x307.webp",768,307,true],"large":["http:\/\/absunglasses.com\/wp-content\/uploads\/AIT03-Pink-Lateral_8975-1024x410.webp",1024,410,true],"1536x1536":["http:\/\/absunglasses.com\/wp-content\/uploads\/AIT03-Pink-Lateral_8975.webp",1280,512,false],"2048x2048":["http:\/\/absunglasses.com\/wp-content\/uploads\/AIT03-Pink-Lateral_8975.webp",1280,512,false],"mailpoet_newsletter_max":["http:\/\/absunglasses.com\/wp-content\/uploads\/AIT03-Pink-Lateral_8975.webp",1280,512,false],"woocommerce_thumbnail":["http:\/\/absunglasses.com\/wp-content\/uploads\/AIT03-Pink-Lateral_8975-800x320.webp",800,320,true],"woocommerce_single":["http:\/\/absunglasses.com\/wp-content\/uploads\/AIT03-Pink-Lateral_8975-1024x410.webp",1024,410,true],"woocommerce_gallery_thumbnail":["http:\/\/absunglasses.com\/wp-content\/uploads\/AIT03-Pink-Lateral_8975-100x100.webp",100,100,true]},"uagb_author_info":{"display_name":"kiko","author_link":"http:\/\/absunglasses.com\/ca\/author\/"},"uagb_comment_info":0,"uagb_excerpt":"Model d'ulleres de sol en tend\u00e8ncia, muntura \u00e0mplia, quadrada que real\u00e7a qualsevol outfit, des del m\u00e9s sport al m\u00e9s formal. Triomfar\u00e0s all\u00e0 on vagis! Muntura i varetes de pasta. Lent CR39 amb tractament antireflexant a la cara interna.","_links":{"self":[{"href":"http:\/\/absunglasses.com\/ca\/wp-json\/wp\/v2\/product\/786","targetHints":{"allow":["GET"]}}],"collection":[{"href":"http:\/\/absunglasses.com\/ca\/wp-json\/wp\/v2\/product"}],"about":[{"href":"http:\/\/absunglasses.com\/ca\/wp-json\/wp\/v2\/types\/product"}],"replies":[{"embeddable":true,"href":"http:\/\/absunglasses.com\/ca\/wp-json\/wp\/v2\/comments?post=786"}],"wp:featuredmedia":[{"embeddable":true,"href":"http:\/\/absunglasses.com\/ca\/wp-json\/wp\/v2\/media\/658"}],"wp:attachment":[{"href":"http:\/\/absunglasses.com\/ca\/wp-json\/wp\/v2\/media?parent=786"}],"wp:term":[{"taxonomy":"product_brand","embeddable":true,"href":"http:\/\/absunglasses.com\/ca\/wp-json\/wp\/v2\/product_brand?post=786"},{"taxonomy":"product_cat","embeddable":true,"href":"http:\/\/absunglasses.com\/ca\/wp-json\/wp\/v2\/product_cat?post=786"},{"taxonomy":"product_tag","embeddable":true,"href":"http:\/\/absunglasses.com\/ca\/wp-json\/wp\/v2\/product_tag?post=786"}],"curies":[{"name":"wp","href":"https:\/\/api.w.org\/{rel}","templated":true}]}}